{"id":4961,"date":"2020-01-13T09:54:49","date_gmt":"2020-01-13T08:54:49","guid":{"rendered":"https:\/\/www.logistics-concepts.com\/conditions-generales-dutilisation\/"},"modified":"2026-02-16T10:28:19","modified_gmt":"2026-02-16T09:28:19","slug":"conditions-generales-dutilisation","status":"publish","type":"page","link":"https:\/\/www.logistics-concepts.com\/fr\/conditions-generales-dutilisation\/","title":{"rendered":"Conditions g\u00e9n\u00e9rales d&rsquo;utilisation"},"content":{"rendered":"&#13;\n<h4 class=\"wp-block-heading\">Introduction<\/h4>&#13;\n<p>These Website Standard Terms and Conditions written on this webpage shall manage your use of our website,\u00a0logistics-concepts.com\u00a0accessible at\u00a0logistics-concepts.com.<\/p>&#13;\n<p>These Terms will be applied fully and affect your use of this Website.\u00a0<\/p>&#13;\n<p>By using this Website, you agreed to accept all terms and conditions written in here.\u00a0<\/p>&#13;\n<p>You must not use this Website if you disagree with any of these Website Standard Terms and Conditions.<\/p>&#13;\n<p>Minors or people below 18 years old are not allowed to use this Website.<\/p>&#13;\n<h4>Droits de propri\u00e9t\u00e9 intellectuelle<\/h4>&#13;\n<p>Other than the content you own, under these Terms,\u00a0Logistics Concepts\u00a0and\/or its licensors own all the intellectual property rights and materials contained in this Website.<\/p>&#13;\n<p>You are granted limited license only for purposes of viewing the material contained on this Website.<\/p>&#13;\n<h4>Restrictions<\/h4>&#13;\n<p>You are specifically restricted from all of the following:<\/p>&#13;\n<ul>&#13;\n<li aria-level=\"1\">publishing any Website material in any other media;<\/li>&#13;\n<li aria-level=\"1\">selling, sublicensing and\/or otherwise commercializing any Website material;<\/li>&#13;\n<li aria-level=\"1\">publicly performing and\/or showing any Website material;<\/li>&#13;\n<li aria-level=\"1\">using this Website in any way that is or may be damaging to this Website;<\/li>&#13;\n<li aria-level=\"1\">using this Website in any way that impacts user access to this Website;<\/li>&#13;\n<li aria-level=\"1\">using this Website contrary to applicable laws and regulations, or in any way may cause harm to the Website, or to any person or business entity;<\/li>&#13;\n<li aria-level=\"1\">engaging in any data mining, data harvesting, data extracting or any other similar activity in relation to this Website;<\/li>&#13;\n<li aria-level=\"1\">using this Website to engage in any advertising or marketing.<\/li>&#13;\n<\/ul>&#13;\n<p>Certain areas of this Website are restricted from being access by you and\u00a0Logistics Concepts\u00a0may further restrict access by you to any areas of this Website, at any time, in absolute discretion.\u00a0<\/p>&#13;\n<p>Any user ID and password you may have for this Website are confidential and you must maintain confidentiality as well.<\/p>&#13;\n<h4>Votre contenu<\/h4>&#13;\n<p>In these Website Standard Terms and Conditions, \u201cYour Content\u201d shall mean any audio, video text, images or other material you choose to display on this Website.\u00a0<\/p>&#13;\n<p>By displaying Your Content, you grant\u00a0Logistics Concepts\u00a0a non-exclusive, worldwide irrevocable, sub-licensable license to use, reproduce, adapt, publish, translate and distribute it in any and all media.<\/p>&#13;\n<p>Your Content must be your own and must not be invading any third-party\u2019s rights.\u00a0<\/p>&#13;\n<p>Logistics Concepts\u00a0reserves the right to remove any of Your Content from this Website at any time without notice.<\/p>&#13;\n<h4>Aucune garantie<\/h4>&#13;\n<p>This Website is provided \u201cas is,\u201d with all faults, and\u00a0Logistics Concepts\u00a0express no representations or warranties, of any kind related to this Website or the materials contained on this Website. Also, nothing contained on this Website shall be interpreted as advising you.<\/p>&#13;\n<h4>Limitation de la responsabilit\u00e9<\/h4>&#13;\n<p>In no event shall\u00a0Logistics Concepts, nor any of its officers, directors, and employees shall be held liable for anything arising out of or in any way connected with your use of this Website whether such liability is under contract.\u00a0Logistics Concepts, including its officers, directors, and employees shall not be held liable for any indirect, consequential or special liability arising out of or in any way related to your use of this Website.<\/p>&#13;\n<h4>Indemnisation<\/h4>&#13;\n<p>You hereby indemnify to the fullest extent\u00a0Logistics Concepts\u00a0from and against any and\/or all liabilities, costs, demands, causes of action, damages and expenses arising in any way related to your breach of any of the provisions of these Terms.<\/p>&#13;\n<h4>S\u00e9v\u00e9rit\u00e9<\/h4>&#13;\n<p>If any provision of these Terms is found to be invalid under any applicable law, such provisions shall be deleted without affecting the remaining provisions herein.<\/p>&#13;\n<h4>Modification des termes<\/h4>&#13;\n<p>Logistics Concepts\u00a0is permitted to revise these Terms at any time as it sees fit, and by using this Website you are expected to review these Terms on a regular basis.<\/p>&#13;\n<h4>Affectation<\/h4>&#13;\n<p>Logistics Concepts\u00a0is allowed to assign, transfer, and subcontract its rights and\/or obligations under these Terms without any notification. However, you are not allowed to assign, transfer, or subcontract any of your rights and\/or obligations under these Terms.<\/p>&#13;\n<h4>Int\u00e9gralit\u00e9 de l&rsquo;accord<\/h4>&#13;\n<p>These Terms constitute the entire agreement between\u00a0Logistics Concepts\u00a0and you in relation to your use of this Website and supersede all prior agreements and understandings.<\/p>&#13;\n<h4>Droit applicable et juridiction<\/h4>&#13;\n<p>These Terms will be governed by and interpreted in accordance with the laws of Switzerland, and you submit to the non-exclusive jurisdiction of the state and federal courts located in\u00a0Country\u00a0for the resolution of any disputes.<\/p>&#13;\n<p>\u00a0<\/p>&#13;\n<p>\u00a0<\/p>&#13;\n","protected":false},"excerpt":{"rendered":"<p>&#13; Introduction &#13; These Website Standard Terms and Conditions written on this webpage shall manage your use of our website,\u00a0logistics-concepts.com\u00a0accessible at\u00a0logistics-concepts.com. &#13; These Terms will be applied fully and affect your use of this Website.\u00a0 &#13; By using this Website, you agreed to accept all&#8230;<\/p>\n","protected":false},"author":1,"featured_media":0,"parent":0,"menu_order":0,"comment_status":"closed","ping_status":"open","template":"","meta":{"title-make":"","metadescription-make":"","footnotes":"","_links_to":"","_links_to_target":""},"class_list":["post-4961","page","type-page","status-publish","hentry"],"_wp_attached_file":null,"_wp_attachment_metadata":null,"_wp_attachment_image_alt":null,"wpml_media_processed":null,"_imagify_optimization_level":null,"_imagify_status":null,"_imagify_data":null,"attachment_image_custom_link":null,"attachment_image_link_target":null,"blog_image_size":null,"_wp_attachment_backup_sizes":null,"_elementor_source_image_hash":null,"_wp_attachment_context":null,"_cli_cookie_type":null,"_cli_cookie_duration":null,"_cli_cookie_sensitivity":null,"_cli_cookie_slugid":null,"_itsec_dashboard_card":null,"_itsec_dashboard_card_size":null,"_itsec_dashboard_card_position":null,"_itsec_dashboard_card_settings":null,"_menu_item_type":null,"_menu_item_menu_item_parent":null,"_menu_item_object_id":null,"_menu_item_object":null,"_menu_item_target":null,"_menu_item_classes":null,"_menu_item_xfn":null,"_menu_item_url":null,"_menu_item_orphaned":null,"_wp_old_date":null,"qode_margin_after_title":null,"_wpb_vc_js_status":null,"qode_title-image":"https:\/\/www.logistics-concepts.com\/wp-content\/uploads\/2021\/05\/legal-title.jpg","_elementor_page_assets":null,"_elementor_element_cache":null,"qode_show-posts-per-page":null,"qode_choose-blog-category":null,"_oembed_040327a039655da1b96faa7659f0499f":null,"_wp_suggested_privacy_policy_content":null,"cmplz_document_status":null,"_yoast_wpseo_wordproof_timestamp":null,"slide_template":null,"_wp_desired_post_slug":null,"_qode-like":null,"qode_hide-featured-image":null,"qode_post_style_masonry_date_image":null,"qode_post_style_masonry_gallery":null,"gallery_type":null,"video_format_choose":null,"_yoast_wpseo_primary_category":null,"_pingme":null,"_encloseme":null,"mfn-post-love":null,"_links_to":null,"_links_to_target":null,"qode_testimonial-author":null,"qode_testimonial-text":null,"_form":null,"_mail":null,"_mail_2":null,"_messages":null,"_additional_settings":null,"_locale":null,"_hash":null,"_config_validation":null,"_wpcode_auto_insert":null,"_wpcode_auto_insert_number":null,"_wpcode_library_id":null,"wprss_url":null,"wprss_limit":null,"wprss_last_update":null,"wprss_last_update_items":null,"wprss_feed_is_updating":null,"wprss_site_url":null,"wprss_feed_image":null,"wprss_next_update":null,"wprss_items_imported":null,"rs_page_bg_color":null,"wprss_unique_titles":null,"wprss_enclosure":null,"wprss_import_source":null,"feed_request_useragent":null,"wprss_force_feed":null,"wprss_activate_feed":null,"wprss_pause_feed":null,"wprss_age_limit":null,"wprss_age_unit":null,"wprss_update_interval":null,"wprss_state":null,"wprss_update_time":null,"wprss_error_last_import":null,"wprss_item_date":null,"wprss_item_permalink":null,"wprss_item_enclosure":null,"wprss_item_enclosure_type":null,"wprss_item_source_name":null,"wprss_item_source_url":null,"wprss_item_author":null,"wprss_item_author_email":null,"wprss_item_author_link":null,"wprss_feed_id":null,"wprss_images":null,"wprss_best_image":null,"wprss_template_type":null,"_wp_old_slug":null,"_edit_lock":"1759760193:1","_wpml_word_count":"820","_wp_trash_meta_status":null,"_wp_trash_meta_time":null,"_elementor_edit_mode":null,"_elementor_template_type":null,"_elementor_version":null,"_elementor_pro_version":null,"_elementor_controls_usage":null,"_wp_page_template":"default","_elementor_data":null,"_wpml_location_migration_done":null,"_top_nav_excluded":"","_cms_nav_minihome":"","_last_translation_edit_mode":"translation-editor","_elementor_template_widget_type":null,"_elementor_popup_display_settings":null,"_elementor_page_settings":null,"_elementor_css":null,"_cmplz_scanned_post":null,"qode_show-sidebar":"default","qode_show-page-title":"no","_yoast_wpseo_title":"Conditions g\u00e9n\u00e9rales d'utilisation | Logistics Concepts Mentions l\u00e9gales","_yoast_wpseo_metadesc":"Prendre connaissance des conditions g\u00e9n\u00e9rales r\u00e9gissant l'utilisation du site web de Logistics Concepts. Comprendre vos droits, vos restrictions et vos obligations l\u00e9gales en tant qu'utilisateur.","_yoast_wpseo_focuskw":null,"_thumbnail_id":null,"qode_page_background_image_fixed":null,"cmplz_hide_cookiebanner":null,"_wpml_media_duplicate":null,"_wpml_media_featured":null,"_yoast_wpseo_linkdex":null,"_yoast_wpseo_estimated-reading-time-minutes":null,"_dp_original":null,"burst_total_pageviews_count":null,"_edit_last":null,"qode_show-page-title-text":null,"qode_page_subtitle":"JURIDIQUE","qode_page_title_position":"center","qode_title-height":"530","qode_separator_bellow_title":"no","_wpb_post_custom_layout":null,"qode_page_subtitle_color":null,"qode_page_text_above_title_color":null,"yoast_head":"<!-- This site is optimized with the Yoast SEO plugin v27.3 - https:\/\/yoast.com\/product\/yoast-seo-wordpress\/ -->\n<title>Conditions g\u00e9n\u00e9rales d&#039;utilisation | Logistics Concepts Mentions l\u00e9gales<\/title>\n<meta name=\"description\" content=\"Prendre connaissance des conditions g\u00e9n\u00e9rales r\u00e9gissant l&#039;utilisation du site web de Logistics Concepts. Comprendre vos droits, vos restrictions et vos obligations l\u00e9gales en tant qu&#039;utilisateur.\" \/>\n<meta name=\"robots\" content=\"index, follow, max-snippet:-1, max-image-preview:large, max-video-preview:-1\" \/>\n<link rel=\"canonical\" href=\"https:\/\/www.logistics-concepts.com\/fr\/conditions-generales-dutilisation\/\" \/>\n<meta property=\"og:locale\" content=\"fr_FR\" \/>\n<meta property=\"og:type\" content=\"article\" \/>\n<meta property=\"og:title\" content=\"Conditions g\u00e9n\u00e9rales d&#039;utilisation | Logistics Concepts Mentions l\u00e9gales\" \/>\n<meta property=\"og:description\" content=\"Prendre connaissance des conditions g\u00e9n\u00e9rales r\u00e9gissant l&#039;utilisation du site web de Logistics Concepts. Comprendre vos droits, vos restrictions et vos obligations l\u00e9gales en tant qu&#039;utilisateur.\" \/>\n<meta property=\"og:url\" content=\"https:\/\/www.logistics-concepts.com\/fr\/conditions-generales-dutilisation\/\" \/>\n<meta property=\"og:site_name\" content=\"Logistics Concepts\" \/>\n<meta property=\"article:modified_time\" content=\"2026-02-16T09:28:19+00:00\" \/>\n<meta name=\"twitter:card\" content=\"summary_large_image\" \/>\n<meta name=\"twitter:label1\" content=\"Dur\u00e9e de lecture estim\u00e9e\" \/>\n\t<meta name=\"twitter:data1\" content=\"4 minutes\" \/>\n<script type=\"application\/ld+json\" class=\"yoast-schema-graph\">{\"@context\":\"https:\\\/\\\/schema.org\",\"@graph\":[{\"@type\":\"WebPage\",\"@id\":\"https:\\\/\\\/www.logistics-concepts.com\\\/fr\\\/conditions-generales-dutilisation\\\/\",\"url\":\"https:\\\/\\\/www.logistics-concepts.com\\\/fr\\\/conditions-generales-dutilisation\\\/\",\"name\":\"Conditions g\u00e9n\u00e9rales d'utilisation | Logistics Concepts Mentions l\u00e9gales\",\"isPartOf\":{\"@id\":\"https:\\\/\\\/www.logistics-concepts.com\\\/fr\\\/#website\"},\"datePublished\":\"2020-01-13T08:54:49+00:00\",\"dateModified\":\"2026-02-16T09:28:19+00:00\",\"description\":\"Prendre connaissance des conditions g\u00e9n\u00e9rales r\u00e9gissant l'utilisation du site web de Logistics Concepts. Comprendre vos droits, vos restrictions et vos obligations l\u00e9gales en tant qu'utilisateur.\",\"breadcrumb\":{\"@id\":\"https:\\\/\\\/www.logistics-concepts.com\\\/fr\\\/conditions-generales-dutilisation\\\/#breadcrumb\"},\"inLanguage\":\"fr-FR\",\"potentialAction\":[{\"@type\":\"ReadAction\",\"target\":[\"https:\\\/\\\/www.logistics-concepts.com\\\/fr\\\/conditions-generales-dutilisation\\\/\"]}]},{\"@type\":\"BreadcrumbList\",\"@id\":\"https:\\\/\\\/www.logistics-concepts.com\\\/fr\\\/conditions-generales-dutilisation\\\/#breadcrumb\",\"itemListElement\":[{\"@type\":\"ListItem\",\"position\":1,\"name\":\"Accueil\",\"item\":\"https:\\\/\\\/www.logistics-concepts.com\\\/fr\\\/domicile\\\/\"},{\"@type\":\"ListItem\",\"position\":2,\"name\":\"Conditions g\u00e9n\u00e9rales d&#8217;utilisation\"}]},{\"@type\":\"WebSite\",\"@id\":\"https:\\\/\\\/www.logistics-concepts.com\\\/fr\\\/#website\",\"url\":\"https:\\\/\\\/www.logistics-concepts.com\\\/fr\\\/\",\"name\":\"Logistics Concepts\",\"description\":\"Logistics supply chain shipping freight transport containers bidding bids RFQ\",\"publisher\":{\"@id\":\"https:\\\/\\\/www.logistics-concepts.com\\\/fr\\\/#organization\"},\"potentialAction\":[{\"@type\":\"SearchAction\",\"target\":{\"@type\":\"EntryPoint\",\"urlTemplate\":\"https:\\\/\\\/www.logistics-concepts.com\\\/fr\\\/?s={search_term_string}\"},\"query-input\":{\"@type\":\"PropertyValueSpecification\",\"valueRequired\":true,\"valueName\":\"search_term_string\"}}],\"inLanguage\":\"fr-FR\"},{\"@type\":\"Organization\",\"@id\":\"https:\\\/\\\/www.logistics-concepts.com\\\/fr\\\/#organization\",\"name\":\"Concepts logistiques\",\"url\":\"https:\\\/\\\/www.logistics-concepts.com\\\/fr\\\/\",\"logo\":{\"@type\":\"ImageObject\",\"inLanguage\":\"fr-FR\",\"@id\":\"https:\\\/\\\/www.logistics-concepts.com\\\/fr\\\/#\\\/schema\\\/logo\\\/image\\\/\",\"url\":\"https:\\\/\\\/www.logistics-concepts.com\\\/wp-content\\\/uploads\\\/2021\\\/04\\\/logo_v9_medium.png\",\"contentUrl\":\"https:\\\/\\\/www.logistics-concepts.com\\\/wp-content\\\/uploads\\\/2021\\\/04\\\/logo_v9_medium.png\",\"width\":250,\"height\":144,\"caption\":\"Concepts logistiques\"},\"image\":{\"@id\":\"https:\\\/\\\/www.logistics-concepts.com\\\/fr\\\/#\\\/schema\\\/logo\\\/image\\\/\"}}]}<\/script>\n<!-- \/ Yoast SEO plugin. -->","yoast_head_json":{"title":"Conditions g\u00e9n\u00e9rales d'utilisation | Logistics Concepts Mentions l\u00e9gales","description":"Prendre connaissance des conditions g\u00e9n\u00e9rales r\u00e9gissant l'utilisation du site web de Logistics Concepts. Comprendre vos droits, vos restrictions et vos obligations l\u00e9gales en tant qu'utilisateur.","robots":{"index":"index","follow":"follow","max-snippet":"max-snippet:-1","max-image-preview":"max-image-preview:large","max-video-preview":"max-video-preview:-1"},"canonical":"https:\/\/www.logistics-concepts.com\/fr\/conditions-generales-dutilisation\/","og_locale":"fr_FR","og_type":"article","og_title":"Conditions g\u00e9n\u00e9rales d'utilisation | Logistics Concepts Mentions l\u00e9gales","og_description":"Prendre connaissance des conditions g\u00e9n\u00e9rales r\u00e9gissant l'utilisation du site web de Logistics Concepts. Comprendre vos droits, vos restrictions et vos obligations l\u00e9gales en tant qu'utilisateur.","og_url":"https:\/\/www.logistics-concepts.com\/fr\/conditions-generales-dutilisation\/","og_site_name":"Logistics Concepts","article_modified_time":"2026-02-16T09:28:19+00:00","twitter_card":"summary_large_image","twitter_misc":{"Dur\u00e9e de lecture estim\u00e9e":"4 minutes"},"schema":{"@context":"https:\/\/schema.org","@graph":[{"@type":"WebPage","@id":"https:\/\/www.logistics-concepts.com\/fr\/conditions-generales-dutilisation\/","url":"https:\/\/www.logistics-concepts.com\/fr\/conditions-generales-dutilisation\/","name":"Conditions g\u00e9n\u00e9rales d'utilisation | Logistics Concepts Mentions l\u00e9gales","isPartOf":{"@id":"https:\/\/www.logistics-concepts.com\/fr\/#website"},"datePublished":"2020-01-13T08:54:49+00:00","dateModified":"2026-02-16T09:28:19+00:00","description":"Prendre connaissance des conditions g\u00e9n\u00e9rales r\u00e9gissant l'utilisation du site web de Logistics Concepts. Comprendre vos droits, vos restrictions et vos obligations l\u00e9gales en tant qu'utilisateur.","breadcrumb":{"@id":"https:\/\/www.logistics-concepts.com\/fr\/conditions-generales-dutilisation\/#breadcrumb"},"inLanguage":"fr-FR","potentialAction":[{"@type":"ReadAction","target":["https:\/\/www.logistics-concepts.com\/fr\/conditions-generales-dutilisation\/"]}]},{"@type":"BreadcrumbList","@id":"https:\/\/www.logistics-concepts.com\/fr\/conditions-generales-dutilisation\/#breadcrumb","itemListElement":[{"@type":"ListItem","position":1,"name":"Accueil","item":"https:\/\/www.logistics-concepts.com\/fr\/domicile\/"},{"@type":"ListItem","position":2,"name":"Conditions g\u00e9n\u00e9rales d&#8217;utilisation"}]},{"@type":"WebSite","@id":"https:\/\/www.logistics-concepts.com\/fr\/#website","url":"https:\/\/www.logistics-concepts.com\/fr\/","name":"Logistics Concepts","description":"Logistics supply chain shipping freight transport containers bidding bids RFQ","publisher":{"@id":"https:\/\/www.logistics-concepts.com\/fr\/#organization"},"potentialAction":[{"@type":"SearchAction","target":{"@type":"EntryPoint","urlTemplate":"https:\/\/www.logistics-concepts.com\/fr\/?s={search_term_string}"},"query-input":{"@type":"PropertyValueSpecification","valueRequired":true,"valueName":"search_term_string"}}],"inLanguage":"fr-FR"},{"@type":"Organization","@id":"https:\/\/www.logistics-concepts.com\/fr\/#organization","name":"Concepts logistiques","url":"https:\/\/www.logistics-concepts.com\/fr\/","logo":{"@type":"ImageObject","inLanguage":"fr-FR","@id":"https:\/\/www.logistics-concepts.com\/fr\/#\/schema\/logo\/image\/","url":"https:\/\/www.logistics-concepts.com\/wp-content\/uploads\/2021\/04\/logo_v9_medium.png","contentUrl":"https:\/\/www.logistics-concepts.com\/wp-content\/uploads\/2021\/04\/logo_v9_medium.png","width":250,"height":144,"caption":"Concepts logistiques"},"image":{"@id":"https:\/\/www.logistics-concepts.com\/fr\/#\/schema\/logo\/image\/"}}]}},"_links":{"self":[{"href":"https:\/\/www.logistics-concepts.com\/fr\/wp-json\/wp\/v2\/pages\/4961","targetHints":{"allow":["GET"]}}],"collection":[{"href":"https:\/\/www.logistics-concepts.com\/fr\/wp-json\/wp\/v2\/pages"}],"about":[{"href":"https:\/\/www.logistics-concepts.com\/fr\/wp-json\/wp\/v2\/types\/page"}],"author":[{"embeddable":true,"href":"https:\/\/www.logistics-concepts.com\/fr\/wp-json\/wp\/v2\/users\/1"}],"replies":[{"embeddable":true,"href":"https:\/\/www.logistics-concepts.com\/fr\/wp-json\/wp\/v2\/comments?post=4961"}],"version-history":[{"count":2,"href":"https:\/\/www.logistics-concepts.com\/fr\/wp-json\/wp\/v2\/pages\/4961\/revisions"}],"predecessor-version":[{"id":4964,"href":"https:\/\/www.logistics-concepts.com\/fr\/wp-json\/wp\/v2\/pages\/4961\/revisions\/4964"}],"wp:attachment":[{"href":"https:\/\/www.logistics-concepts.com\/fr\/wp-json\/wp\/v2\/media?parent=4961"}],"curies":[{"name":"wp","href":"https:\/\/api.w.org\/{rel}","templated":true}]}}