{"id":5028,"date":"2025-08-25T09:29:56","date_gmt":"2025-08-25T07:29:56","guid":{"rendered":"https:\/\/www.logistics-concepts.com\/actualites\/"},"modified":"2026-02-16T10:28:29","modified_gmt":"2026-02-16T09:28:29","slug":"actualites","status":"publish","type":"page","link":"https:\/\/www.logistics-concepts.com\/fr\/actualites\/","title":{"rendered":"Actualit\u00e9s"},"content":{"rendered":"\t\t<div data-elementor-type=\"wp-page\" data-elementor-id=\"5028\" class=\"elementor elementor-5028 elementor-5026\">\n\t\t\t\t\t\t<section class=\"elementor-section elementor-top-section elementor-element elementor-element-7f71aba elementor-section-boxed elementor-section-height-default elementor-section-height-default parallax_section_no qode_elementor_container_no\" data-id=\"7f71aba\" data-element_type=\"section\" data-e-type=\"section\">\n\t\t\t\t\t\t<div class=\"elementor-container elementor-column-gap-default\">\n\t\t\t\t\t<div class=\"elementor-column elementor-col-100 elementor-top-column elementor-element elementor-element-d74180e\" data-id=\"d74180e\" data-element_type=\"column\" data-e-type=\"column\">\n\t\t\t<div class=\"elementor-widget-wrap elementor-element-populated\">\n\t\t\t\t\t\t<div class=\"elementor-element elementor-element-23e1016 elementor-widget elementor-widget-spacer\" data-id=\"23e1016\" data-element_type=\"widget\" data-e-type=\"widget\" data-widget_type=\"spacer.default\">\n\t\t\t\t<div class=\"elementor-widget-container\">\n\t\t\t\t\t\t\t<div class=\"elementor-spacer\">\n\t\t\t<div class=\"elementor-spacer-inner\"><\/div>\n\t\t<\/div>\n\t\t\t\t\t\t<\/div>\n\t\t\t\t<\/div>\n\t\t\t\t\t<\/div>\n\t\t<\/div>\n\t\t\t\t\t<\/div>\n\t\t<\/section>\n\t\t\t\t<\/div>\n\t\t","protected":false},"excerpt":{"rendered":"","protected":false},"author":1,"featured_media":0,"parent":0,"menu_order":0,"comment_status":"closed","ping_status":"closed","template":"blog-masonry.php","meta":{"title-make":"","metadescription-make":"","footnotes":"","_links_to":"","_links_to_target":""},"class_list":["post-5028","page","type-page","status-publish","hentry"],"_wp_attached_file":null,"_wp_attachment_metadata":null,"_wp_attachment_image_alt":null,"wpml_media_processed":null,"_imagify_optimization_level":null,"_imagify_status":null,"_imagify_data":null,"attachment_image_custom_link":null,"attachment_image_link_target":null,"blog_image_size":null,"_wp_attachment_backup_sizes":null,"_elementor_source_image_hash":null,"_wp_attachment_context":null,"_cli_cookie_type":null,"_cli_cookie_duration":null,"_cli_cookie_sensitivity":null,"_cli_cookie_slugid":null,"_itsec_dashboard_card":null,"_itsec_dashboard_card_size":null,"_itsec_dashboard_card_position":null,"_itsec_dashboard_card_settings":null,"_menu_item_type":null,"_menu_item_menu_item_parent":null,"_menu_item_object_id":null,"_menu_item_object":null,"_menu_item_target":null,"_menu_item_classes":null,"_menu_item_xfn":null,"_menu_item_url":null,"_menu_item_orphaned":null,"_wp_old_date":null,"qode_margin_after_title":"0","_wpb_vc_js_status":"true","qode_title-image":"https:\/\/www.logistics-concepts.com\/wp-content\/uploads\/2026\/01\/ChatGPT-Image-24-janv.-2026-a-23_48_21.png","_elementor_page_assets":{"styles":["widget-spacer"],"scripts":["elementor-frontend"]},"_elementor_element_cache":"{\"timeout\":1775786947,\"value\":{\"content\":\"\\t\\t<section class=\\\"elementor-section elementor-top-section elementor-element elementor-element-7f71aba elementor-section-boxed elementor-section-height-default elementor-section-height-default parallax_section_no qode_elementor_container_no\\\" data-id=\\\"7f71aba\\\" data-element_type=\\\"section\\\" data-e-type=\\\"section\\\">\\n\\t\\t\\t\\t\\t\\t<div class=\\\"elementor-container elementor-column-gap-default\\\">\\n\\t\\t\\t\\t\\t<div class=\\\"elementor-column elementor-col-100 elementor-top-column elementor-element elementor-element-d74180e\\\" data-id=\\\"d74180e\\\" data-element_type=\\\"column\\\" data-e-type=\\\"column\\\">\\n\\t\\t\\t<div class=\\\"elementor-widget-wrap elementor-element-populated\\\">\\n\\t\\t\\t\\t\\t\\t<div class=\\\"elementor-element elementor-element-23e1016 elementor-widget elementor-widget-spacer\\\" data-id=\\\"23e1016\\\" data-element_type=\\\"widget\\\" data-e-type=\\\"widget\\\" data-widget_type=\\\"spacer.default\\\">\\n\\t\\t\\t\\t<div class=\\\"elementor-widget-container\\\">\\n\\t\\t\\t\\t\\t\\t\\t<div class=\\\"elementor-spacer\\\">\\n\\t\\t\\t<div class=\\\"elementor-spacer-inner\\\"><\\\/div>\\n\\t\\t<\\\/div>\\n\\t\\t\\t\\t\\t\\t<\\\/div>\\n\\t\\t\\t\\t<\\\/div>\\n\\t\\t\\t\\t\\t<\\\/div>\\n\\t\\t<\\\/div>\\n\\t\\t\\t\\t\\t<\\\/div>\\n\\t\\t<\\\/section>\\n\\t\\t\",\"scripts\":[],\"styles\":[]}}","qode_show-posts-per-page":null,"qode_choose-blog-category":"1","_oembed_040327a039655da1b96faa7659f0499f":null,"_wp_suggested_privacy_policy_content":null,"cmplz_document_status":null,"_yoast_wpseo_wordproof_timestamp":null,"slide_template":null,"_wp_desired_post_slug":null,"_qode-like":null,"qode_hide-featured-image":null,"qode_post_style_masonry_date_image":null,"qode_post_style_masonry_gallery":null,"gallery_type":null,"video_format_choose":null,"_yoast_wpseo_primary_category":null,"_pingme":null,"_encloseme":null,"mfn-post-love":null,"_links_to":null,"_links_to_target":null,"qode_testimonial-author":null,"qode_testimonial-text":null,"_form":null,"_mail":null,"_mail_2":null,"_messages":null,"_additional_settings":null,"_locale":null,"_hash":null,"_config_validation":null,"_wpcode_auto_insert":null,"_wpcode_auto_insert_number":null,"_wpcode_library_id":null,"wprss_url":null,"wprss_limit":null,"wprss_last_update":null,"wprss_last_update_items":null,"wprss_feed_is_updating":null,"wprss_site_url":null,"wprss_feed_image":null,"wprss_next_update":null,"wprss_items_imported":null,"rs_page_bg_color":null,"wprss_unique_titles":null,"wprss_enclosure":null,"wprss_import_source":null,"feed_request_useragent":null,"wprss_force_feed":null,"wprss_activate_feed":null,"wprss_pause_feed":null,"wprss_age_limit":null,"wprss_age_unit":null,"wprss_update_interval":null,"wprss_state":null,"wprss_update_time":null,"wprss_error_last_import":null,"wprss_item_date":null,"wprss_item_permalink":null,"wprss_item_enclosure":null,"wprss_item_enclosure_type":null,"wprss_item_source_name":null,"wprss_item_source_url":null,"wprss_item_author":null,"wprss_item_author_email":null,"wprss_item_author_link":null,"wprss_feed_id":null,"wprss_images":null,"wprss_best_image":null,"wprss_template_type":null,"_wp_old_slug":null,"_edit_lock":"1766065989:1","_wpml_word_count":"2","_wp_trash_meta_status":null,"_wp_trash_meta_time":null,"_elementor_edit_mode":"builder","_elementor_template_type":"wp-page","_elementor_version":"3.33.4","_elementor_pro_version":null,"_elementor_controls_usage":null,"_wp_page_template":"blog-masonry.php","_elementor_data":"[{\"id\":\"7f71aba\",\"elType\":\"section\",\"settings\":{\"qode_parallax_speed\":\"0\"},\"elements\":[{\"id\":\"d74180e\",\"elType\":\"column\",\"settings\":{\"_column_size\":100,\"_inline_size\":null},\"elements\":[{\"id\":\"23e1016\",\"elType\":\"widget\",\"settings\":[],\"elements\":[],\"widgetType\":\"spacer\"}],\"isInner\":false}],\"isInner\":false}]","_wpml_location_migration_done":null,"_top_nav_excluded":"","_cms_nav_minihome":"","_last_translation_edit_mode":"translation-editor","_elementor_template_widget_type":"","_elementor_popup_display_settings":"","_elementor_page_settings":"","_elementor_css":{"time":1775693346,"fonts":[],"icons":[],"dynamic_elements_ids":[],"status":"file","0":""},"_cmplz_scanned_post":null,"qode_show-sidebar":"default","qode_show-page-title":"no","_yoast_wpseo_title":null,"_yoast_wpseo_metadesc":null,"_yoast_wpseo_focuskw":null,"_thumbnail_id":null,"qode_page_background_image_fixed":"yes","cmplz_hide_cookiebanner":"","_wpml_media_duplicate":"1","_wpml_media_featured":"1","_yoast_wpseo_linkdex":null,"_yoast_wpseo_estimated-reading-time-minutes":"","_dp_original":null,"burst_total_pageviews_count":null,"_edit_last":"1","qode_show-page-title-text":"no","qode_page_subtitle":null,"qode_page_title_position":"center","qode_title-height":"180","qode_separator_bellow_title":"no","_wpb_post_custom_layout":"default","qode_page_subtitle_color":null,"qode_page_text_above_title_color":null,"yoast_head":"<!-- This site is optimized with the Yoast SEO plugin v27.3 - https:\/\/yoast.com\/product\/yoast-seo-wordpress\/ -->\n<title>Actualit\u00e9s - Logistics Concepts<\/title>\n<meta name=\"description\" content=\"Notre mission est d&#039;\u00eatre le lien qui facilite ces op\u00e9rations pour vous, en utilisant notre r\u00e9seau, nos contacts et nos partenaires de confiance, nous vous aiderons \u00e0 optimiser votre logistique pour vos achats, vos stockages, vos \u00e9changes crois\u00e9s ou vos ventes partout dans le monde.\" \/>\n<meta name=\"robots\" content=\"index, follow, max-snippet:-1, max-image-preview:large, max-video-preview:-1\" \/>\n<link rel=\"canonical\" href=\"https:\/\/www.logistics-concepts.com\/fr\/actualites\/\" \/>\n<meta property=\"og:locale\" content=\"fr_FR\" \/>\n<meta property=\"og:type\" content=\"article\" \/>\n<meta property=\"og:title\" content=\"Actualit\u00e9s - Logistics Concepts\" \/>\n<meta property=\"og:description\" content=\"Notre mission est d&#039;\u00eatre le lien qui facilite ces op\u00e9rations pour vous, en utilisant notre r\u00e9seau, nos contacts et nos partenaires de confiance, nous vous aiderons \u00e0 optimiser votre logistique pour vos achats, vos stockages, vos \u00e9changes crois\u00e9s ou vos ventes partout dans le monde.\" \/>\n<meta property=\"og:url\" content=\"https:\/\/www.logistics-concepts.com\/fr\/actualites\/\" \/>\n<meta property=\"og:site_name\" content=\"Logistics Concepts\" \/>\n<meta property=\"article:modified_time\" content=\"2026-02-16T09:28:29+00:00\" \/>\n<meta name=\"twitter:card\" content=\"summary_large_image\" \/>\n<script type=\"application\/ld+json\" class=\"yoast-schema-graph\">{\"@context\":\"https:\\\/\\\/schema.org\",\"@graph\":[{\"@type\":\"WebPage\",\"@id\":\"https:\\\/\\\/www.logistics-concepts.com\\\/fr\\\/actualites\\\/\",\"url\":\"https:\\\/\\\/www.logistics-concepts.com\\\/fr\\\/actualites\\\/\",\"name\":\"Actualit\u00e9s - Logistics Concepts\",\"isPartOf\":{\"@id\":\"https:\\\/\\\/www.logistics-concepts.com\\\/fr\\\/#website\"},\"datePublished\":\"2025-08-25T07:29:56+00:00\",\"dateModified\":\"2026-02-16T09:28:29+00:00\",\"description\":\"Notre mission est d'\u00eatre le lien qui facilite ces op\u00e9rations pour vous, en utilisant notre r\u00e9seau, nos contacts et nos partenaires de confiance, nous vous aiderons \u00e0 optimiser votre logistique pour vos achats, vos stockages, vos \u00e9changes crois\u00e9s ou vos ventes partout dans le monde.\",\"breadcrumb\":{\"@id\":\"https:\\\/\\\/www.logistics-concepts.com\\\/fr\\\/actualites\\\/#breadcrumb\"},\"inLanguage\":\"fr-FR\",\"potentialAction\":[{\"@type\":\"ReadAction\",\"target\":[\"https:\\\/\\\/www.logistics-concepts.com\\\/fr\\\/actualites\\\/\"]}]},{\"@type\":\"BreadcrumbList\",\"@id\":\"https:\\\/\\\/www.logistics-concepts.com\\\/fr\\\/actualites\\\/#breadcrumb\",\"itemListElement\":[{\"@type\":\"ListItem\",\"position\":1,\"name\":\"Accueil\",\"item\":\"https:\\\/\\\/www.logistics-concepts.com\\\/fr\\\/domicile\\\/\"},{\"@type\":\"ListItem\",\"position\":2,\"name\":\"Actualit\u00e9s\"}]},{\"@type\":\"WebSite\",\"@id\":\"https:\\\/\\\/www.logistics-concepts.com\\\/fr\\\/#website\",\"url\":\"https:\\\/\\\/www.logistics-concepts.com\\\/fr\\\/\",\"name\":\"Logistics Concepts\",\"description\":\"Logistics supply chain shipping freight transport containers bidding bids RFQ\",\"publisher\":{\"@id\":\"https:\\\/\\\/www.logistics-concepts.com\\\/fr\\\/#organization\"},\"potentialAction\":[{\"@type\":\"SearchAction\",\"target\":{\"@type\":\"EntryPoint\",\"urlTemplate\":\"https:\\\/\\\/www.logistics-concepts.com\\\/fr\\\/?s={search_term_string}\"},\"query-input\":{\"@type\":\"PropertyValueSpecification\",\"valueRequired\":true,\"valueName\":\"search_term_string\"}}],\"inLanguage\":\"fr-FR\"},{\"@type\":\"Organization\",\"@id\":\"https:\\\/\\\/www.logistics-concepts.com\\\/fr\\\/#organization\",\"name\":\"Concepts logistiques\",\"url\":\"https:\\\/\\\/www.logistics-concepts.com\\\/fr\\\/\",\"logo\":{\"@type\":\"ImageObject\",\"inLanguage\":\"fr-FR\",\"@id\":\"https:\\\/\\\/www.logistics-concepts.com\\\/fr\\\/#\\\/schema\\\/logo\\\/image\\\/\",\"url\":\"https:\\\/\\\/www.logistics-concepts.com\\\/wp-content\\\/uploads\\\/2021\\\/04\\\/logo_v9_medium.png\",\"contentUrl\":\"https:\\\/\\\/www.logistics-concepts.com\\\/wp-content\\\/uploads\\\/2021\\\/04\\\/logo_v9_medium.png\",\"width\":250,\"height\":144,\"caption\":\"Concepts logistiques\"},\"image\":{\"@id\":\"https:\\\/\\\/www.logistics-concepts.com\\\/fr\\\/#\\\/schema\\\/logo\\\/image\\\/\"}}]}<\/script>\n<!-- \/ Yoast SEO plugin. -->","yoast_head_json":{"title":"Actualit\u00e9s - Logistics Concepts","description":"Notre mission est d'\u00eatre le lien qui facilite ces op\u00e9rations pour vous, en utilisant notre r\u00e9seau, nos contacts et nos partenaires de confiance, nous vous aiderons \u00e0 optimiser votre logistique pour vos achats, vos stockages, vos \u00e9changes crois\u00e9s ou vos ventes partout dans le monde.","robots":{"index":"index","follow":"follow","max-snippet":"max-snippet:-1","max-image-preview":"max-image-preview:large","max-video-preview":"max-video-preview:-1"},"canonical":"https:\/\/www.logistics-concepts.com\/fr\/actualites\/","og_locale":"fr_FR","og_type":"article","og_title":"Actualit\u00e9s - Logistics Concepts","og_description":"Notre mission est d'\u00eatre le lien qui facilite ces op\u00e9rations pour vous, en utilisant notre r\u00e9seau, nos contacts et nos partenaires de confiance, nous vous aiderons \u00e0 optimiser votre logistique pour vos achats, vos stockages, vos \u00e9changes crois\u00e9s ou vos ventes partout dans le monde.","og_url":"https:\/\/www.logistics-concepts.com\/fr\/actualites\/","og_site_name":"Logistics Concepts","article_modified_time":"2026-02-16T09:28:29+00:00","twitter_card":"summary_large_image","schema":{"@context":"https:\/\/schema.org","@graph":[{"@type":"WebPage","@id":"https:\/\/www.logistics-concepts.com\/fr\/actualites\/","url":"https:\/\/www.logistics-concepts.com\/fr\/actualites\/","name":"Actualit\u00e9s - Logistics Concepts","isPartOf":{"@id":"https:\/\/www.logistics-concepts.com\/fr\/#website"},"datePublished":"2025-08-25T07:29:56+00:00","dateModified":"2026-02-16T09:28:29+00:00","description":"Notre mission est d'\u00eatre le lien qui facilite ces op\u00e9rations pour vous, en utilisant notre r\u00e9seau, nos contacts et nos partenaires de confiance, nous vous aiderons \u00e0 optimiser votre logistique pour vos achats, vos stockages, vos \u00e9changes crois\u00e9s ou vos ventes partout dans le monde.","breadcrumb":{"@id":"https:\/\/www.logistics-concepts.com\/fr\/actualites\/#breadcrumb"},"inLanguage":"fr-FR","potentialAction":[{"@type":"ReadAction","target":["https:\/\/www.logistics-concepts.com\/fr\/actualites\/"]}]},{"@type":"BreadcrumbList","@id":"https:\/\/www.logistics-concepts.com\/fr\/actualites\/#breadcrumb","itemListElement":[{"@type":"ListItem","position":1,"name":"Accueil","item":"https:\/\/www.logistics-concepts.com\/fr\/domicile\/"},{"@type":"ListItem","position":2,"name":"Actualit\u00e9s"}]},{"@type":"WebSite","@id":"https:\/\/www.logistics-concepts.com\/fr\/#website","url":"https:\/\/www.logistics-concepts.com\/fr\/","name":"Logistics Concepts","description":"Logistics supply chain shipping freight transport containers bidding bids RFQ","publisher":{"@id":"https:\/\/www.logistics-concepts.com\/fr\/#organization"},"potentialAction":[{"@type":"SearchAction","target":{"@type":"EntryPoint","urlTemplate":"https:\/\/www.logistics-concepts.com\/fr\/?s={search_term_string}"},"query-input":{"@type":"PropertyValueSpecification","valueRequired":true,"valueName":"search_term_string"}}],"inLanguage":"fr-FR"},{"@type":"Organization","@id":"https:\/\/www.logistics-concepts.com\/fr\/#organization","name":"Concepts logistiques","url":"https:\/\/www.logistics-concepts.com\/fr\/","logo":{"@type":"ImageObject","inLanguage":"fr-FR","@id":"https:\/\/www.logistics-concepts.com\/fr\/#\/schema\/logo\/image\/","url":"https:\/\/www.logistics-concepts.com\/wp-content\/uploads\/2021\/04\/logo_v9_medium.png","contentUrl":"https:\/\/www.logistics-concepts.com\/wp-content\/uploads\/2021\/04\/logo_v9_medium.png","width":250,"height":144,"caption":"Concepts logistiques"},"image":{"@id":"https:\/\/www.logistics-concepts.com\/fr\/#\/schema\/logo\/image\/"}}]}},"_links":{"self":[{"href":"https:\/\/www.logistics-concepts.com\/fr\/wp-json\/wp\/v2\/pages\/5028","targetHints":{"allow":["GET"]}}],"collection":[{"href":"https:\/\/www.logistics-concepts.com\/fr\/wp-json\/wp\/v2\/pages"}],"about":[{"href":"https:\/\/www.logistics-concepts.com\/fr\/wp-json\/wp\/v2\/types\/page"}],"author":[{"embeddable":true,"href":"https:\/\/www.logistics-concepts.com\/fr\/wp-json\/wp\/v2\/users\/1"}],"replies":[{"embeddable":true,"href":"https:\/\/www.logistics-concepts.com\/fr\/wp-json\/wp\/v2\/comments?post=5028"}],"version-history":[{"count":10,"href":"https:\/\/www.logistics-concepts.com\/fr\/wp-json\/wp\/v2\/pages\/5028\/revisions"}],"predecessor-version":[{"id":6742,"href":"https:\/\/www.logistics-concepts.com\/fr\/wp-json\/wp\/v2\/pages\/5028\/revisions\/6742"}],"wp:attachment":[{"href":"https:\/\/www.logistics-concepts.com\/fr\/wp-json\/wp\/v2\/media?parent=5028"}],"curies":[{"name":"wp","href":"https:\/\/api.w.org\/{rel}","templated":true}]}}