{"id":6433,"date":"2025-12-16T12:16:37","date_gmt":"2025-12-16T11:16:37","guid":{"rendered":"https:\/\/www.logistics-concepts.com\/?page_id=6433"},"modified":"2025-12-16T12:16:37","modified_gmt":"2025-12-16T11:16:37","slug":"fondamentaux","status":"publish","type":"page","link":"https:\/\/www.logistics-concepts.com\/fr\/fondamentaux\/","title":{"rendered":"Fondamentaux"},"content":{"rendered":"<div class=\"wpb-content-wrapper\"><p>[vc_row css_animation=\u00a0\u00bb\u00a0\u00bb row_type=\u00a0\u00bbrow\u00a0\u00bb use_row_as_full_screen_section=\u00a0\u00bbno\u00a0\u00bb type=\u00a0\u00bbfull_width\u00a0\u00bb angled_section=\u00a0\u00bbno\u00a0\u00bb text_align=\u00a0\u00bbleft\u00a0\u00bb background_image_as_pattern=\u00a0\u00bbwithout_pattern\u00a0\u00bb][vc_column][vc_column_text css=\u00a0\u00bb\u00a0\u00bb][\/vc_column_text][\/vc_column][\/vc_row]<\/p>\n<\/div>","protected":false},"excerpt":{"rendered":"<p>[vc_row css_animation=\u00a0\u00bb\u00a0\u00bb row_type=\u00a0\u00bbrow\u00a0\u00bb use_row_as_full_screen_section=\u00a0\u00bbno\u00a0\u00bb type=\u00a0\u00bbfull_width\u00a0\u00bb angled_section=\u00a0\u00bbno\u00a0\u00bb text_align=\u00a0\u00bbleft\u00a0\u00bb background_image_as_pattern=\u00a0\u00bbwithout_pattern\u00a0\u00bb][vc_column][vc_column_text css=\u00a0\u00bb\u00a0\u00bb][\/vc_column_text][\/vc_column][\/vc_row]<\/p>\n","protected":false},"author":1,"featured_media":0,"parent":0,"menu_order":0,"comment_status":"closed","ping_status":"closed","template":"blog-masonry.php","meta":{"title-make":"","metadescription-make":"","footnotes":"","_links_to":"","_links_to_target":""},"class_list":["post-6433","page","type-page","status-publish","hentry"],"_wp_attached_file":null,"_wp_attachment_metadata":null,"_wp_attachment_image_alt":null,"wpml_media_processed":null,"_imagify_optimization_level":null,"_imagify_status":null,"_imagify_data":null,"attachment_image_custom_link":null,"attachment_image_link_target":null,"blog_image_size":null,"_wp_attachment_backup_sizes":null,"_elementor_source_image_hash":null,"_wp_attachment_context":null,"_cli_cookie_type":null,"_cli_cookie_duration":null,"_cli_cookie_sensitivity":null,"_cli_cookie_slugid":null,"_itsec_dashboard_card":null,"_itsec_dashboard_card_size":null,"_itsec_dashboard_card_position":null,"_itsec_dashboard_card_settings":null,"_menu_item_type":null,"_menu_item_menu_item_parent":null,"_menu_item_object_id":null,"_menu_item_object":null,"_menu_item_target":null,"_menu_item_classes":null,"_menu_item_xfn":null,"_menu_item_url":null,"_menu_item_orphaned":null,"_wp_old_date":null,"qode_margin_after_title":null,"_wpb_vc_js_status":"true","qode_title-image":null,"_elementor_page_assets":null,"_elementor_element_cache":null,"qode_show-posts-per-page":null,"qode_choose-blog-category":"33","_oembed_040327a039655da1b96faa7659f0499f":null,"_wp_suggested_privacy_policy_content":null,"cmplz_document_status":null,"_yoast_wpseo_wordproof_timestamp":null,"slide_template":null,"_wp_desired_post_slug":null,"_qode-like":null,"qode_hide-featured-image":null,"qode_post_style_masonry_date_image":null,"qode_post_style_masonry_gallery":null,"gallery_type":null,"video_format_choose":null,"_yoast_wpseo_primary_category":null,"_pingme":null,"_encloseme":null,"mfn-post-love":null,"_links_to":null,"_links_to_target":null,"qode_testimonial-author":null,"qode_testimonial-text":null,"_form":null,"_mail":null,"_mail_2":null,"_messages":null,"_additional_settings":null,"_locale":null,"_hash":null,"_config_validation":null,"_wpcode_auto_insert":null,"_wpcode_auto_insert_number":null,"_wpcode_library_id":null,"wprss_url":null,"wprss_limit":null,"wprss_last_update":null,"wprss_last_update_items":null,"wprss_feed_is_updating":null,"wprss_site_url":null,"wprss_feed_image":null,"wprss_next_update":null,"wprss_items_imported":null,"rs_page_bg_color":null,"wprss_unique_titles":null,"wprss_enclosure":null,"wprss_import_source":null,"feed_request_useragent":null,"wprss_force_feed":null,"wprss_activate_feed":null,"wprss_pause_feed":null,"wprss_age_limit":null,"wprss_age_unit":null,"wprss_update_interval":null,"wprss_state":null,"wprss_update_time":null,"wprss_error_last_import":null,"wprss_item_date":null,"wprss_item_permalink":null,"wprss_item_enclosure":null,"wprss_item_enclosure_type":null,"wprss_item_source_name":null,"wprss_item_source_url":null,"wprss_item_author":null,"wprss_item_author_email":null,"wprss_item_author_link":null,"wprss_feed_id":null,"wprss_images":null,"wprss_best_image":null,"wprss_template_type":null,"_wp_old_slug":null,"_edit_lock":"1765883743:1","_wpml_word_count":"2","_wp_trash_meta_status":null,"_wp_trash_meta_time":null,"_elementor_edit_mode":null,"_elementor_template_type":"wp-page","_elementor_version":"3.32.0","_elementor_pro_version":null,"_elementor_controls_usage":null,"_wp_page_template":"blog-masonry.php","_elementor_data":null,"_wpml_location_migration_done":"1","_top_nav_excluded":"","_cms_nav_minihome":"","_last_translation_edit_mode":"native-editor","_elementor_template_widget_type":null,"_elementor_popup_display_settings":null,"_elementor_page_settings":null,"_elementor_css":null,"_cmplz_scanned_post":null,"qode_show-sidebar":"default","qode_show-page-title":null,"_yoast_wpseo_title":null,"_yoast_wpseo_metadesc":null,"_yoast_wpseo_focuskw":null,"_thumbnail_id":null,"qode_page_background_image_fixed":"yes","cmplz_hide_cookiebanner":"","_wpml_media_duplicate":"1","_wpml_media_featured":"1","_yoast_wpseo_linkdex":null,"_yoast_wpseo_estimated-reading-time-minutes":"","_dp_original":"5028","burst_total_pageviews_count":null,"_edit_last":"1","qode_show-page-title-text":null,"qode_page_subtitle":null,"qode_page_title_position":null,"qode_title-height":null,"qode_separator_bellow_title":null,"_wpb_post_custom_layout":"default","qode_page_subtitle_color":null,"qode_page_text_above_title_color":null,"yoast_head":"<!-- This site is optimized with the Yoast SEO plugin v27.4 - https:\/\/yoast.com\/product\/yoast-seo-wordpress\/ -->\n<title>Fondamentaux - Logistics Concepts<\/title>\n<meta name=\"description\" content=\"Notre mission est d&#039;\u00eatre le lien qui facilite ces op\u00e9rations pour vous, en utilisant notre r\u00e9seau, nos contacts et nos partenaires de confiance, nous vous aiderons \u00e0 optimiser votre logistique pour vos achats, vos stockages, vos \u00e9changes crois\u00e9s ou vos ventes partout dans le monde.\" \/>\n<meta name=\"robots\" content=\"index, follow, max-snippet:-1, max-image-preview:large, max-video-preview:-1\" \/>\n<link rel=\"canonical\" href=\"https:\/\/www.logistics-concepts.com\/fr\/fondamentaux\/\" \/>\n<meta property=\"og:locale\" content=\"fr_FR\" \/>\n<meta property=\"og:type\" content=\"article\" \/>\n<meta property=\"og:title\" content=\"Fondamentaux - Logistics Concepts\" \/>\n<meta property=\"og:description\" content=\"Notre mission est d&#039;\u00eatre le lien qui facilite ces op\u00e9rations pour vous, en utilisant notre r\u00e9seau, nos contacts et nos partenaires de confiance, nous vous aiderons \u00e0 optimiser votre logistique pour vos achats, vos stockages, vos \u00e9changes crois\u00e9s ou vos ventes partout dans le monde.\" \/>\n<meta property=\"og:url\" content=\"https:\/\/www.logistics-concepts.com\/fr\/fondamentaux\/\" \/>\n<meta property=\"og:site_name\" content=\"Logistics Concepts\" \/>\n<meta name=\"twitter:card\" content=\"summary_large_image\" \/>\n<script type=\"application\/ld+json\" class=\"yoast-schema-graph\">{\"@context\":\"https:\\\/\\\/schema.org\",\"@graph\":[{\"@type\":\"WebPage\",\"@id\":\"https:\\\/\\\/www.logistics-concepts.com\\\/fr\\\/fondamentaux\\\/\",\"url\":\"https:\\\/\\\/www.logistics-concepts.com\\\/fr\\\/fondamentaux\\\/\",\"name\":\"Fondamentaux - Logistics Concepts\",\"isPartOf\":{\"@id\":\"https:\\\/\\\/www.logistics-concepts.com\\\/fr\\\/#website\"},\"datePublished\":\"2025-12-16T11:16:37+00:00\",\"description\":\"Notre mission est d'\u00eatre le lien qui facilite ces op\u00e9rations pour vous, en utilisant notre r\u00e9seau, nos contacts et nos partenaires de confiance, nous vous aiderons \u00e0 optimiser votre logistique pour vos achats, vos stockages, vos \u00e9changes crois\u00e9s ou vos ventes partout dans le monde.\",\"breadcrumb\":{\"@id\":\"https:\\\/\\\/www.logistics-concepts.com\\\/fr\\\/fondamentaux\\\/#breadcrumb\"},\"inLanguage\":\"fr-FR\",\"potentialAction\":[{\"@type\":\"ReadAction\",\"target\":[\"https:\\\/\\\/www.logistics-concepts.com\\\/fr\\\/fondamentaux\\\/\"]}]},{\"@type\":\"BreadcrumbList\",\"@id\":\"https:\\\/\\\/www.logistics-concepts.com\\\/fr\\\/fondamentaux\\\/#breadcrumb\",\"itemListElement\":[{\"@type\":\"ListItem\",\"position\":1,\"name\":\"Accueil\",\"item\":\"https:\\\/\\\/www.logistics-concepts.com\\\/fr\\\/domicile\\\/\"},{\"@type\":\"ListItem\",\"position\":2,\"name\":\"Fondamentaux\"}]},{\"@type\":\"WebSite\",\"@id\":\"https:\\\/\\\/www.logistics-concepts.com\\\/fr\\\/#website\",\"url\":\"https:\\\/\\\/www.logistics-concepts.com\\\/fr\\\/\",\"name\":\"Logistics Concepts\",\"description\":\"Logistics supply chain shipping freight transport containers bidding bids RFQ\",\"publisher\":{\"@id\":\"https:\\\/\\\/www.logistics-concepts.com\\\/fr\\\/#organization\"},\"potentialAction\":[{\"@type\":\"SearchAction\",\"target\":{\"@type\":\"EntryPoint\",\"urlTemplate\":\"https:\\\/\\\/www.logistics-concepts.com\\\/fr\\\/?s={search_term_string}\"},\"query-input\":{\"@type\":\"PropertyValueSpecification\",\"valueRequired\":true,\"valueName\":\"search_term_string\"}}],\"inLanguage\":\"fr-FR\"},{\"@type\":\"Organization\",\"@id\":\"https:\\\/\\\/www.logistics-concepts.com\\\/fr\\\/#organization\",\"name\":\"Concepts logistiques\",\"url\":\"https:\\\/\\\/www.logistics-concepts.com\\\/fr\\\/\",\"logo\":{\"@type\":\"ImageObject\",\"inLanguage\":\"fr-FR\",\"@id\":\"https:\\\/\\\/www.logistics-concepts.com\\\/fr\\\/#\\\/schema\\\/logo\\\/image\\\/\",\"url\":\"https:\\\/\\\/www.logistics-concepts.com\\\/wp-content\\\/uploads\\\/2021\\\/04\\\/logo_v9_medium.png\",\"contentUrl\":\"https:\\\/\\\/www.logistics-concepts.com\\\/wp-content\\\/uploads\\\/2021\\\/04\\\/logo_v9_medium.png\",\"width\":250,\"height\":144,\"caption\":\"Concepts logistiques\"},\"image\":{\"@id\":\"https:\\\/\\\/www.logistics-concepts.com\\\/fr\\\/#\\\/schema\\\/logo\\\/image\\\/\"}}]}<\/script>\n<!-- \/ Yoast SEO plugin. -->","yoast_head_json":{"title":"Fondamentaux - Logistics Concepts","description":"Notre mission est d'\u00eatre le lien qui facilite ces op\u00e9rations pour vous, en utilisant notre r\u00e9seau, nos contacts et nos partenaires de confiance, nous vous aiderons \u00e0 optimiser votre logistique pour vos achats, vos stockages, vos \u00e9changes crois\u00e9s ou vos ventes partout dans le monde.","robots":{"index":"index","follow":"follow","max-snippet":"max-snippet:-1","max-image-preview":"max-image-preview:large","max-video-preview":"max-video-preview:-1"},"canonical":"https:\/\/www.logistics-concepts.com\/fr\/fondamentaux\/","og_locale":"fr_FR","og_type":"article","og_title":"Fondamentaux - Logistics Concepts","og_description":"Notre mission est d'\u00eatre le lien qui facilite ces op\u00e9rations pour vous, en utilisant notre r\u00e9seau, nos contacts et nos partenaires de confiance, nous vous aiderons \u00e0 optimiser votre logistique pour vos achats, vos stockages, vos \u00e9changes crois\u00e9s ou vos ventes partout dans le monde.","og_url":"https:\/\/www.logistics-concepts.com\/fr\/fondamentaux\/","og_site_name":"Logistics Concepts","twitter_card":"summary_large_image","schema":{"@context":"https:\/\/schema.org","@graph":[{"@type":"WebPage","@id":"https:\/\/www.logistics-concepts.com\/fr\/fondamentaux\/","url":"https:\/\/www.logistics-concepts.com\/fr\/fondamentaux\/","name":"Fondamentaux - Logistics Concepts","isPartOf":{"@id":"https:\/\/www.logistics-concepts.com\/fr\/#website"},"datePublished":"2025-12-16T11:16:37+00:00","description":"Notre mission est d'\u00eatre le lien qui facilite ces op\u00e9rations pour vous, en utilisant notre r\u00e9seau, nos contacts et nos partenaires de confiance, nous vous aiderons \u00e0 optimiser votre logistique pour vos achats, vos stockages, vos \u00e9changes crois\u00e9s ou vos ventes partout dans le monde.","breadcrumb":{"@id":"https:\/\/www.logistics-concepts.com\/fr\/fondamentaux\/#breadcrumb"},"inLanguage":"fr-FR","potentialAction":[{"@type":"ReadAction","target":["https:\/\/www.logistics-concepts.com\/fr\/fondamentaux\/"]}]},{"@type":"BreadcrumbList","@id":"https:\/\/www.logistics-concepts.com\/fr\/fondamentaux\/#breadcrumb","itemListElement":[{"@type":"ListItem","position":1,"name":"Accueil","item":"https:\/\/www.logistics-concepts.com\/fr\/domicile\/"},{"@type":"ListItem","position":2,"name":"Fondamentaux"}]},{"@type":"WebSite","@id":"https:\/\/www.logistics-concepts.com\/fr\/#website","url":"https:\/\/www.logistics-concepts.com\/fr\/","name":"Logistics Concepts","description":"Logistics supply chain shipping freight transport containers bidding bids RFQ","publisher":{"@id":"https:\/\/www.logistics-concepts.com\/fr\/#organization"},"potentialAction":[{"@type":"SearchAction","target":{"@type":"EntryPoint","urlTemplate":"https:\/\/www.logistics-concepts.com\/fr\/?s={search_term_string}"},"query-input":{"@type":"PropertyValueSpecification","valueRequired":true,"valueName":"search_term_string"}}],"inLanguage":"fr-FR"},{"@type":"Organization","@id":"https:\/\/www.logistics-concepts.com\/fr\/#organization","name":"Concepts logistiques","url":"https:\/\/www.logistics-concepts.com\/fr\/","logo":{"@type":"ImageObject","inLanguage":"fr-FR","@id":"https:\/\/www.logistics-concepts.com\/fr\/#\/schema\/logo\/image\/","url":"https:\/\/www.logistics-concepts.com\/wp-content\/uploads\/2021\/04\/logo_v9_medium.png","contentUrl":"https:\/\/www.logistics-concepts.com\/wp-content\/uploads\/2021\/04\/logo_v9_medium.png","width":250,"height":144,"caption":"Concepts logistiques"},"image":{"@id":"https:\/\/www.logistics-concepts.com\/fr\/#\/schema\/logo\/image\/"}}]}},"_links":{"self":[{"href":"https:\/\/www.logistics-concepts.com\/fr\/wp-json\/wp\/v2\/pages\/6433","targetHints":{"allow":["GET"]}}],"collection":[{"href":"https:\/\/www.logistics-concepts.com\/fr\/wp-json\/wp\/v2\/pages"}],"about":[{"href":"https:\/\/www.logistics-concepts.com\/fr\/wp-json\/wp\/v2\/types\/page"}],"author":[{"embeddable":true,"href":"https:\/\/www.logistics-concepts.com\/fr\/wp-json\/wp\/v2\/users\/1"}],"replies":[{"embeddable":true,"href":"https:\/\/www.logistics-concepts.com\/fr\/wp-json\/wp\/v2\/comments?post=6433"}],"version-history":[{"count":1,"href":"https:\/\/www.logistics-concepts.com\/fr\/wp-json\/wp\/v2\/pages\/6433\/revisions"}],"predecessor-version":[{"id":6442,"href":"https:\/\/www.logistics-concepts.com\/fr\/wp-json\/wp\/v2\/pages\/6433\/revisions\/6442"}],"wp:attachment":[{"href":"https:\/\/www.logistics-concepts.com\/fr\/wp-json\/wp\/v2\/media?parent=6433"}],"curies":[{"name":"wp","href":"https:\/\/api.w.org\/{rel}","templated":true}]}}